{"id":317,"date":"2009-01-16T19:52:08","date_gmt":"2009-01-16T12:52:08","guid":{"rendered":"http:\/\/reisen.mkihr.de\/?page_id=317"},"modified":"2009-01-16T19:52:08","modified_gmt":"2009-01-16T12:52:08","slug":"jakarta-survival-guide","status":"publish","type":"page","link":"https:\/\/reisen.kihr.online\/index.php\/jakarta-survival-guide\/","title":{"rendered":"Jakarta Survival Guide"},"content":{"rendered":"<p>Hier eine kurze Anleitung f\u00fcr diejenigen die zum ersten mal Jakarta besuchen.<\/p>\n<h2>Ankunft am Flughafen<\/h2>\n<p>Auf dem Weg vom Gate zur Passkontrolle findet man die Schalter f\u00fcr das VISA on arrival. Wenn man ein solches ben\u00f6tigt geht man zun\u00e4chst zu diesem Schalter. Es gibt zwei VISA: eine Woche g\u00fcltig oder 30 Tage g\u00fcltig. Eine Woche kostet 10, 30 Tage 25$. Diese VISA sind f\u00fcr Touristen und Business g\u00fcltig. Es gibt keine M\u00f6glichkeit dieses zu Verl\u00e4ngern, man muss also vor Ablauf des VISA das Land wieder verlassen. Voraussetzungen f\u00fcr ein VISA on Arrival gibt es keine. Von einem g\u00fcltigen Reisepass mal abgesehen. Die Bezahlung kann in bar in Dollars (bevorzugt), in indonesichen Rupia oder per Kreditkarte erfolgen, wobei letzteres \u00f6fter auf Schwierigkeiten st\u00f6sst und nicht gerne akzeptiert wird. Man zahlt am ersten Schalter und am zweiten erh\u00e4lt man dann den VISA Eintrag. Das ganze dauert \u00fcblicherweise weniger als eine Minute.<br \/>\nWenn man dann sein VISA hat, oder es schon vorher hatte, geht man zur Passkontrolle. Es wird jeder Pass \u00fcberpr\u00fcft. Trotzdem geht es \u00fcblicherweise recht schnell und auch sehr freundlich. Auch wenn man ein VISA hat: Der Grenzbeamte entscheidet ob man einreisen darf! Also auch Freundlichkeit von Seiten des Reisenden ist anzuraten. Irgendwelche Geschichten \u00fcber \u00fcbliche &#8222;kleine Geschenke&#8220; f\u00fcr die Beamten um einreisen zu d\u00fcrfen kann ich nach 4 Jahren und zahlreichen Einreisen nicht best\u00e4tigen.<\/p>\n<p>INSERT_MAP Unmittelbar nach der Passkontrolle geht man nach links zum Gep\u00e4ckband. Hier wartet man normalerweise auch nicht lange auf sein Gep\u00e4ck. Im Bereich der Gep\u00e4ckb\u00e4nder gibt es auch Geldautomaten. Sollten sich zwischen Passkontrolle und Gep\u00e4ckband keine Geldautomaten befinden, ist das auch kein Problem. In dem Fall ist es zu empfehlen, ob man Geld braucht oder nicht, nach dem man das Gep\u00e4ck erhalten hat, wieder zur\u00fcck in Richtung Passkontrolle zu gehen. Dort geht man geradeaus vorbei und die Halle hinunter. Wahrscheinlich wird man da relativ alleine sein. Braucht man kein Geld, geht man links nach ca. 100 Metern durch die Zollkontrolle. Wenn man Geld hohlen m\u00f6chte geht man noch 20 Meter weiter. Dort befinden sich eine Reihe Geldautomaten. Geld erh\u00e4lt mit \u00fcblichen Bankkarten (Cirrus, Maestro) oder Kreditkarten (Mastercard, Visa). Im Moment sind 1 Million Rupia ca. 60 Euro. Damit sollte man zumindest den ersten Tag \u00fcberstehen.<\/p>\n<p>Die Zollkontrolle ist \u00fcberlicherweise unproblematisch. Meist wird man gebeten, das Handgep\u00e4ck durch den Scanner laufen zu lassen. [ad]<\/p>\n<h2>Fahrt in die Innenstadt<\/h2>\n<p>Es gibt mehrere M\u00f6glichkeiten, in die Stadt zu gelangen. H\u00f6herklassige Hotels wie Mariott, Shangri La oder Mandarin Oriental haben einen Pickup Service. Auch bei anderen Hotels kann man danach fragen. Hat man einen solchen vereinbart schaut man sich auf der rechten und linken Seite um ob man ein Schild mit dem eigenen Namen oder dem Namen des Hotels findet. Dort geht man hin und alles ist ok.<br \/>\nIst man dagegen &#8222;Selbstversorger&#8220;, empfehle ich den Limousinen Service des &#8222;Golden Bird&#8220;. Der Schalter befindet sich nach der Zollabfertigung auf der rechten Seite vor dem Ausgang. Man geht dort hin, sagt man m\u00f6chte zum dem und dem Hotel, zahlt am Schalter und hat dann normalerweise eine Limousine f\u00fcr zwei Stunden zur Verf\u00fcgung. Das erste Angebot ist \u00fcblicherweise f\u00fcr 390.000 Rupia ein Mercedes D Classe. Das sollte man aber ablehnen. Es gibt auch Toyota Camry f\u00fcr 240.000 Rupia. Das ist ok und das Auto ist gross genug. Vorteil beim Limousinenservice ist, dass man das Fahrzeug f\u00fcr zwei Stunden zur Verf\u00fcgung hat und alle Geb\u00fchren bereits bezahlt sind. Ausserdem spricht der Fahrer englisch, was f\u00fcr denjenigen der zum ersten Mal in Jakarta ist, durchaus wichtig sein kann.<br \/>\nIst man etwas abenteuerlustiger\u00a0 gibt es die M\u00f6glichkeit regul\u00e4re Taxis zu nutzen.\u00a0 Man braucht einiges an Kleingeld da man z.B. die Mautgeb\u00fchren zahlen muss. Ausserdem ist eine Flughafengeb\u00fchr von z.Z. 8000 Rupia extra zu zahlen. Die meisten Taxifahrer sind nicht flexibel genug um das mir dem Taxameterpreis zu addieren. Man muss jeweils an der Mautstation die Maut selbst zahlen. Es gibt &#8222;Silver Bird&#8220;, die Stufe unterhalb des &#8222;Golden Bird&#8220;. Im Grunde der &#8222;Golden Bird&#8220; mit Taxameter. Der Preis liegt oberhalb der anderen Taxis, der Fahrer spricht aber sicher englisch. Die Autos sind sauber und sicher.\u00a0 Die Fahrzeuge sind hier zunehmend Mercedes, \u00e4ltere auch Toyota Crown oder Nissan Silverbird.<\/p>\n<p>Andere Taxis sind generell auch m\u00f6glich. Jedes Taxi hat ein Taxameter. Die Qualit\u00e4tsunterschiede sind nicht so krass. Allerdings sprechen die meisten anderen Taxifahrer kein oder nur sehr schlechtes Englisch. Sollte man sich f\u00fcr ein Taxi entscheiden: Direkt zum Taxistand gehen. Gleich ausserhalb der Halle sind davon reichlich vorhanden. Sich auf keinen Fall von irgend jemand der dort herumsteht &#8222;helfen&#8220; lassen oder gar das Gep\u00e4ck aus der Hand geben oder sich zu einem &#8222;Taxi&#8220; bringen lassen. Am besten man ignoriert alle, die einen ansprechen.<\/p>\n<div id=\"attachment_318\" style=\"width: 192px\" class=\"wp-caption alignleft\"><img loading=\"lazy\" decoding=\"async\" aria-describedby=\"caption-attachment-318\" class=\"size-full wp-image-318\" title=\"damri\" src=\"http:\/\/reisen.mkihr.de\/wp-content\/uploads\/2009\/01\/damri.jpg\" alt=\"Damri\" width=\"182\" height=\"130\" \/><p id=\"caption-attachment-318\" class=\"wp-caption-text\">Damri<\/p><\/div>\n<p>F\u00fcr die ganz Unternehmungslustigen gibts es auch einen Bus. Die &#8222;Damri&#8220; fahren auch direkt vor der Halle ab. Das ganze ist billig und sicher. Die verschiedenen Destinationen (Gambir, Blok M, Bogor,&#8230; ) werden ca. alle 20 Minuten angefahren. Feste Zeiten gibt es nicht.<\/p>\n<p>[ad#reiseberichte-5]<\/p>\n","protected":false},"excerpt":{"rendered":"<p>Hier eine kurze Anleitung f\u00fcr diejenigen die zum ersten mal Jakarta besuchen. Ankunft am Flughafen Auf dem Weg vom Gate zur Passkontrolle findet man die Schalter f\u00fcr das VISA on arrival. Wenn man ein solches ben\u00f6tigt geht man zun\u00e4chst zu diesem Schalter. Es gibt zwei VISA: eine Woche g\u00fcltig oder 30 Tage g\u00fcltig. Eine Woche [&hellip;]<\/p>\n","protected":false},"author":2,"featured_media":0,"parent":0,"menu_order":0,"comment_status":"open","ping_status":"open","template":"","meta":{"footnotes":""},"class_list":["post-317","page","type-page","status-publish","hentry"],"_links":{"self":[{"href":"https:\/\/reisen.kihr.online\/index.php\/wp-json\/wp\/v2\/pages\/317","targetHints":{"allow":["GET"]}}],"collection":[{"href":"https:\/\/reisen.kihr.online\/index.php\/wp-json\/wp\/v2\/pages"}],"about":[{"href":"https:\/\/reisen.kihr.online\/index.php\/wp-json\/wp\/v2\/types\/page"}],"author":[{"embeddable":true,"href":"https:\/\/reisen.kihr.online\/index.php\/wp-json\/wp\/v2\/users\/2"}],"replies":[{"embeddable":true,"href":"https:\/\/reisen.kihr.online\/index.php\/wp-json\/wp\/v2\/comments?post=317"}],"version-history":[{"count":0,"href":"https:\/\/reisen.kihr.online\/index.php\/wp-json\/wp\/v2\/pages\/317\/revisions"}],"wp:attachment":[{"href":"https:\/\/reisen.kihr.online\/index.php\/wp-json\/wp\/v2\/media?parent=317"}],"curies":[{"name":"wp","href":"https:\/\/api.w.org\/{rel}","templated":true}]}}