{"id":7,"date":"2006-11-02T19:29:37","date_gmt":"2006-11-02T18:29:37","guid":{"rendered":"https:\/\/reisen.kihr.online\/?page_id=7"},"modified":"2006-11-02T19:29:37","modified_gmt":"2006-11-02T18:29:37","slug":"eine-seite","status":"publish","type":"page","link":"https:\/\/reisen.kihr.online\/index.php\/eine-seite\/","title":{"rendered":"\u00dcber mich"},"content":{"rendered":"<p align=\"left\">&nbsp;<\/p>\n<ul>\n<li><img decoding=\"async\" src=\"http:\/\/static.flickr.com\/116\/287585870_3806c3cd20_m.jpg\" class=\"mosimage\" alt=\"Ich selbst\" title=\"Ich selbst\" align=\"right\" \/>Geboren 1964 in Erfurt<\/li>\n<\/ul>\n<ul>\n<li>1970 bis 1980 Schulbesuch in  Erlau, Breitenbach, Hirschbach und Suhl. Abschluss der 10.Klasse<\/li>\n<li>1980 bis 1982 Berufsausbildung zum Facharbeiter  f\u00fcr Datenverarbeitung im Datenverarbeitungszentrum Suhl<\/li>\n<li>Bis 1990 T\u00e4tigkeit in der Staatlichen Zentralverwaltung f\u00fcr Statistik, dem Ministerium f\u00fcr Wissenschaft und Technik, Milit\u00e4rdienst.<\/li>\n<li>1990 bis 1997 freie T\u00e4tigkeit als Kabarettist<\/li>\n<li>1997 bis 2003 Systemtechniker und Systemingenieur bei CompuNet (inzwischen <a href=\"http:\/\/www.computacenter.de\/\" target=\"_blank\" rel=\"noopener noreferrer\">ComputaCenter<\/a> )<\/li>\n<li>2004 bis 2007 bei <a href=\"http:\/\/www.cadac.de\" target=\"_blank\" rel=\"noopener noreferrer\">Cadac GmbH<\/a> , T\u00e4tigkeiten in zahlreichen internationalen Projekten bei SIEMENS Com.<\/li>\n<li>seit 1. Juni 2007 bei <a href=\"https:\/\/www.becon.de\" target=\"_blank\" rel=\"noopener noreferrer\">BECON Know-How Pool GmbH<\/a>, und t\u00e4tig bei Nokia-Siemens-Networks im Integration Center in Berlin.<\/li>\n<\/ul>\n<p align=\"left\"><span class=\"contentheading\"><strong>Qualifiaktionen<\/strong><\/span><\/p>\n<p align=\"left\">SUN AIP 500, 300<br \/>\nSUN Cluster Betrieb 2.2, 3.0 und 3.1<br \/>\nSUN Hardware bis SunFire E6900<br \/>\nSUN Certified System Administrator<br \/>\nDar\u00fcber hinaus Expertenkenntnisse zu:<br \/>\nFujitsu-Siemens Primepower bis PW1500<br \/>\nPrimecluster 3 und 4<br \/>\nOracle, Oracle RAC<\/p>\n<p align=\"left\"><span class=\"contentheading\"><strong>Programmierung<\/strong><\/span><\/p>\n<p align=\"left\">Perl<br \/>\nShell Script<br \/>\nHTML<br \/>\nPHP<\/p>\n<p class=\"contentheading\" align=\"left\"><strong>Projekte<\/strong><\/p>\n<p align=\"left\">Einf\u00fchrung  SUN Solaris auf Enterprise 10000 bei der dvs in Berlin (Projekt Himalaya)<br \/>\nEinf\u00fchrung und Betrieb SUN Solaris bei der dvg in Hannover (Projekt Himalaya)<br \/>\nRemote Service Desk bei CompuNet in Kerpen. Betrieb von Solaris, AIX und Linux Systemen u.a. bei Deutscher B\u00f6rse AG, McKinsey, Stadtwerke D\u00fcsseldorf, Bayer, Gerling.<br \/>\nThird Level Support f\u00fcr SUN Solaris und Hardware<br \/>\nKundenprojekte au\u00dferdem u.a. bei Westphalenbank Bochum, e.dis in Potsdam, Bundesfinanzministerium, Statistisches Bundesamt, Bundesschuldenverwaltung, Bankgesellschaft Berlin, BMW Rolls Royce.<br \/>\nIn letzter Zeit haupt\u00e4chlich Projekte im Bereich Telekommunkation im Integration Center von Nokia-Siemens-Networks.<\/p>\n<p align=\"left\">T\u00e4tigkeit im Bereich GSM Core Systeme, speziell IN, HLRi, IMS. Projekte in Indonesien (Telkomsel, Indosat, Hutchinson), Malaysia (Maxis), Taiwan, Peru. Was ich in diesen L\u00e4ndern erlebt habe, l\u00e4sst sich <a href=\"http:\/\/www.mkihr.de\/wordpress\/index.php?option=com_jd-wp&amp;Itemid=29\">hier<\/a>  nachlesen (siehe Blog). Aber auch Projekte f\u00fcr Indien, China, Polen, Russland, Kolumbien. Eingesetzte Technologien: SUN Cluster und Primecluster.<\/p>\n<p align=\"left\"><strong class=\"contentheading\">Sprachkentnisse <\/strong><\/p>\n<table style=\"height: 65px\" align=\"left\" border=\"0\" width=\"385\">\n<tr>\n<td>Englisch<\/td>\n<td>Gut in Wort und Schrift<\/td>\n<\/tr>\n<tr>\n<td>Russisch<\/td>\n<td>Grundkentnisse<\/td>\n<\/tr>\n<tr>\n<td>Bahasa Indonesia<\/td>\n<td>Grundkentnisse<\/td>\n<\/tr>\n<\/table>\n<p align=\"left\">&nbsp;<\/p>\n<p align=\"left\">&nbsp;<\/p>\n<p align=\"left\">&nbsp;<\/p>\n<p align=\"left\">&nbsp;<\/p>\n<p align=\"left\">&nbsp;<\/p>\n<p align=\"left\">&nbsp;<\/p>\n<p align=\"left\">&nbsp;<\/p>\n<p align=\"left\">&nbsp;<\/p>\n<p align=\"left\">&nbsp;<\/p>\n<p align=\"left\">&nbsp;<\/p>\n<p align=\"left\"><span class=\"contentheading\"><strong>Was mache ich in meiner Freizeit?<\/strong><\/span><\/p>\n<p align=\"left\">Ich h\u00f6hre viel Musik, gehe gerne ins Kino, versuche mich selbst ein bisschen an der Gitarre. Spiele Abends gerne mal ein Runde Counter Strike mit <a href=\"http:\/\/www.mkihr.de\/wordpress\/bbb-team.de\" target=\"_blank\" rel=\"noopener noreferrer\">Freunden<\/a>. Bin begeisterter Motorradfahrer. Fahre zur Zeit eine Suzuki Burgman 650 (<a href=\"http:\/\/www.an650.de\" target=\"_blank\" rel=\"noopener noreferrer\">AN650<\/a>  ).<\/p>\n<p align=\"left\">&nbsp;<\/p>\n","protected":false},"excerpt":{"rendered":"<p>&nbsp; Geboren 1964 in Erfurt 1970 bis 1980 Schulbesuch in Erlau, Breitenbach, Hirschbach und Suhl. Abschluss der 10.Klasse 1980 bis 1982 Berufsausbildung zum Facharbeiter f\u00fcr Datenverarbeitung im Datenverarbeitungszentrum Suhl Bis 1990 T\u00e4tigkeit in der Staatlichen Zentralverwaltung f\u00fcr Statistik, dem Ministerium f\u00fcr Wissenschaft und Technik, Milit\u00e4rdienst. 1990 bis 1997 freie T\u00e4tigkeit als Kabarettist 1997 bis 2003 [&hellip;]<\/p>\n","protected":false},"author":2,"featured_media":0,"parent":0,"menu_order":0,"comment_status":"closed","ping_status":"closed","template":"","meta":{"footnotes":""},"class_list":["post-7","page","type-page","status-publish","hentry"],"_links":{"self":[{"href":"https:\/\/reisen.kihr.online\/index.php\/wp-json\/wp\/v2\/pages\/7","targetHints":{"allow":["GET"]}}],"collection":[{"href":"https:\/\/reisen.kihr.online\/index.php\/wp-json\/wp\/v2\/pages"}],"about":[{"href":"https:\/\/reisen.kihr.online\/index.php\/wp-json\/wp\/v2\/types\/page"}],"author":[{"embeddable":true,"href":"https:\/\/reisen.kihr.online\/index.php\/wp-json\/wp\/v2\/users\/2"}],"replies":[{"embeddable":true,"href":"https:\/\/reisen.kihr.online\/index.php\/wp-json\/wp\/v2\/comments?post=7"}],"version-history":[{"count":0,"href":"https:\/\/reisen.kihr.online\/index.php\/wp-json\/wp\/v2\/pages\/7\/revisions"}],"wp:attachment":[{"href":"https:\/\/reisen.kihr.online\/index.php\/wp-json\/wp\/v2\/media?parent=7"}],"curies":[{"name":"wp","href":"https:\/\/api.w.org\/{rel}","templated":true}]}}